{"id":3286,"date":"2021-03-16T17:45:06","date_gmt":"2021-03-16T16:45:06","guid":{"rendered":"http:\/\/lapratique.org\/?page_id=3286"},"modified":"2024-02-07T10:24:55","modified_gmt":"2024-02-07T09:24:55","slug":"le-programme-en-pdf","status":"publish","type":"page","link":"http:\/\/lapratique.org\/lapratiquebk\/?page_id=3286","title":{"rendered":"Le programme en pdf"},"content":{"rendered":"[vc_row][vc_column][vc_column_text]\n<h3><a href=\"https:\/\/acrobat.adobe.com\/id\/urn:aaid:sc:eu:9e343434-dd1d-4db2-bff4-1dd92f2dbf69\" target=\"_blank\" rel=\"noopener noreferrer\">Cliquer ici pour visualiser ou t\u00e9l\u00e9charger le programme des r\u00e9sidences \u00e0 La Pratique de septembre 2023 \u00e0 juillet 2024<\/a><\/h3>\n\n\n<div class=\"wp-block-group alignfull has-background-background-color has-background\" style=\"padding-top:var(--wp--preset--spacing--60);padding-right:var(--wp--preset--spacing--30);padding-bottom:var(--wp--preset--spacing--60);padding-left:var(--wp--preset--spacing--30)\"><div class=\"wp-block-group__inner-container is-layout-constrained wp-block-group-is-layout-constrained\"><\/div><\/div>\n\n\n\n<div class=\"wp-block-group alignfull has-background-background-color has-background\" style=\"padding-top:var(--wp--preset--spacing--60);padding-right:var(--wp--preset--spacing--30);padding-bottom:var(--wp--preset--spacing--60);padding-left:var(--wp--preset--spacing--30)\"><div class=\"wp-block-group__inner-container is-layout-constrained wp-block-group-is-layout-constrained\">\n<figure class=\"wp-block-gallery alignwide has-nested-images columns-default wp-block-gallery-1 is-layout-flex wp-block-gallery-is-layout-flex\">\n<figure data-wp-context=\"{&quot;uploadedSrc&quot;:&quot;http:\\\/\\\/lapratique.org\\\/lapratiquebk\\\/wp-content\\\/uploads\\\/2023\\\/12\\\/IMG_8533-1.jpg&quot;,&quot;figureClassNames&quot;:&quot;wp-block-image size-full ext-import&quot;,&quot;figureStyles&quot;:null,&quot;imgClassNames&quot;:&quot;wp-image-7418&quot;,&quot;imgStyles&quot;:null,&quot;targetWidth&quot;:1600,&quot;targetHeight&quot;:1200,&quot;scaleAttr&quot;:false,&quot;ariaLabel&quot;:&quot;Agrandir l\\u2018image&quot;,&quot;alt&quot;:&quot;&quot;}\" data-wp-interactive=\"core\/image\" class=\"wp-block-image size-full ext-import wp-lightbox-container\"><img loading=\"lazy\" decoding=\"async\" width=\"1600\" height=\"1200\" data-wp-init=\"callbacks.setButtonStyles\" data-wp-on--click=\"actions.showLightbox\" data-wp-on--load=\"callbacks.setButtonStyles\" data-wp-on-window--resize=\"callbacks.setButtonStyles\" src=\"http:\/\/lapratique.org\/lapratiquebk\/wp-content\/uploads\/2023\/12\/IMG_8533-1.jpg\" alt=\"\" class=\"wp-image-7418\" srcset=\"http:\/\/lapratique.org\/lapratiquebk\/wp-content\/uploads\/2023\/12\/IMG_8533-1.jpg 1600w, http:\/\/lapratique.org\/lapratiquebk\/wp-content\/uploads\/2023\/12\/IMG_8533-1-300x225.jpg 300w, http:\/\/lapratique.org\/lapratiquebk\/wp-content\/uploads\/2023\/12\/IMG_8533-1-150x113.jpg 150w, http:\/\/lapratique.org\/lapratiquebk\/wp-content\/uploads\/2023\/12\/IMG_8533-1-768x576.jpg 768w, http:\/\/lapratique.org\/lapratiquebk\/wp-content\/uploads\/2023\/12\/IMG_8533-1-1536x1152.jpg 1536w\" sizes=\"(max-width: 706px) 89vw, (max-width: 767px) 82vw, 740px\" \/><button\n\t\t\tclass=\"lightbox-trigger\"\n\t\t\ttype=\"button\"\n\t\t\taria-haspopup=\"dialog\"\n\t\t\taria-label=\"Agrandir l\u2018image\"\n\t\t\tdata-wp-init=\"callbacks.initTriggerButton\"\n\t\t\tdata-wp-on--click=\"actions.showLightbox\"\n\t\t\tdata-wp-style--right=\"context.imageButtonRight\"\n\t\t\tdata-wp-style--top=\"context.imageButtonTop\"\n\t\t>\n\t\t\t<svg xmlns=\"http:\/\/www.w3.org\/2000\/svg\" width=\"12\" height=\"12\" fill=\"none\" viewBox=\"0 0 12 12\">\n\t\t\t\t<path fill=\"#fff\" d=\"M2 0a2 2 0 0 0-2 2v2h1.5V2a.5.5 0 0 1 .5-.5h2V0H2Zm2 10.5H2a.5.5 0 0 1-.5-.5V8H0v2a2 2 0 0 0 2 2h2v-1.5ZM8 12v-1.5h2a.5.5 0 0 0 .5-.5V8H12v2a2 2 0 0 1-2 2H8Zm2-12a2 2 0 0 1 2 2v2h-1.5V2a.5.5 0 0 0-.5-.5H8V0h2Z\" \/>\n\t\t\t<\/svg>\n\t\t<\/button><\/figure>\n\n\n\n<figure data-wp-context=\"{&quot;uploadedSrc&quot;:&quot;http:\\\/\\\/lapratique.org\\\/lapratiquebk\\\/wp-content\\\/uploads\\\/2023\\\/12\\\/Jill-Red-Coffe-2.jpeg&quot;,&quot;figureClassNames&quot;:&quot;wp-block-image size-full ext-import&quot;,&quot;figureStyles&quot;:null,&quot;imgClassNames&quot;:&quot;wp-image-7414&quot;,&quot;imgStyles&quot;:null,&quot;targetWidth&quot;:1600,&quot;targetHeight&quot;:1067,&quot;scaleAttr&quot;:false,&quot;ariaLabel&quot;:&quot;Agrandir l\\u2018image&quot;,&quot;alt&quot;:&quot;&quot;}\" data-wp-interactive=\"core\/image\" class=\"wp-block-image size-full ext-import wp-lightbox-container\"><img loading=\"lazy\" decoding=\"async\" width=\"1600\" height=\"1067\" data-wp-init=\"callbacks.setButtonStyles\" data-wp-on--click=\"actions.showLightbox\" data-wp-on--load=\"callbacks.setButtonStyles\" data-wp-on-window--resize=\"callbacks.setButtonStyles\" src=\"http:\/\/lapratique.org\/lapratiquebk\/wp-content\/uploads\/2023\/12\/Jill-Red-Coffe-2.jpeg\" alt=\"\" class=\"wp-image-7414\" srcset=\"http:\/\/lapratique.org\/lapratiquebk\/wp-content\/uploads\/2023\/12\/Jill-Red-Coffe-2.jpeg 1600w, http:\/\/lapratique.org\/lapratiquebk\/wp-content\/uploads\/2023\/12\/Jill-Red-Coffe-2-300x200.jpeg 300w, http:\/\/lapratique.org\/lapratiquebk\/wp-content\/uploads\/2023\/12\/Jill-Red-Coffe-2-150x100.jpeg 150w, http:\/\/lapratique.org\/lapratiquebk\/wp-content\/uploads\/2023\/12\/Jill-Red-Coffe-2-768x512.jpeg 768w, http:\/\/lapratique.org\/lapratiquebk\/wp-content\/uploads\/2023\/12\/Jill-Red-Coffe-2-1536x1024.jpeg 1536w, http:\/\/lapratique.org\/lapratiquebk\/wp-content\/uploads\/2023\/12\/Jill-Red-Coffe-2-750x500.jpeg 750w, http:\/\/lapratique.org\/lapratiquebk\/wp-content\/uploads\/2023\/12\/Jill-Red-Coffe-2-272x182.jpeg 272w\" sizes=\"(max-width: 706px) 89vw, (max-width: 767px) 82vw, 740px\" \/><button\n\t\t\tclass=\"lightbox-trigger\"\n\t\t\ttype=\"button\"\n\t\t\taria-haspopup=\"dialog\"\n\t\t\taria-label=\"Agrandir l\u2018image\"\n\t\t\tdata-wp-init=\"callbacks.initTriggerButton\"\n\t\t\tdata-wp-on--click=\"actions.showLightbox\"\n\t\t\tdata-wp-style--right=\"context.imageButtonRight\"\n\t\t\tdata-wp-style--top=\"context.imageButtonTop\"\n\t\t>\n\t\t\t<svg xmlns=\"http:\/\/www.w3.org\/2000\/svg\" width=\"12\" height=\"12\" fill=\"none\" viewBox=\"0 0 12 12\">\n\t\t\t\t<path fill=\"#fff\" d=\"M2 0a2 2 0 0 0-2 2v2h1.5V2a.5.5 0 0 1 .5-.5h2V0H2Zm2 10.5H2a.5.5 0 0 1-.5-.5V8H0v2a2 2 0 0 0 2 2h2v-1.5ZM8 12v-1.5h2a.5.5 0 0 0 .5-.5V8H12v2a2 2 0 0 1-2 2H8Zm2-12a2 2 0 0 1 2 2v2h-1.5V2a.5.5 0 0 0-.5-.5H8V0h2Z\" \/>\n\t\t\t<\/svg>\n\t\t<\/button><\/figure>\n\n\n\n<figure data-wp-context=\"{&quot;uploadedSrc&quot;:&quot;http:\\\/\\\/lapratique.org\\\/lapratiquebk\\\/wp-content\\\/uploads\\\/2023\\\/12\\\/Plan-continue-mercredi-soir-Synced.Image-fixe029.jpg&quot;,&quot;figureClassNames&quot;:&quot;wp-block-image size-full ext-import&quot;,&quot;figureStyles&quot;:null,&quot;imgClassNames&quot;:&quot;wp-image-7410&quot;,&quot;imgStyles&quot;:null,&quot;targetWidth&quot;:1600,&quot;targetHeight&quot;:900,&quot;scaleAttr&quot;:false,&quot;ariaLabel&quot;:&quot;Agrandir l\\u2018image&quot;,&quot;alt&quot;:&quot;&quot;}\" data-wp-interactive=\"core\/image\" class=\"wp-block-image size-full ext-import wp-lightbox-container\"><img loading=\"lazy\" decoding=\"async\" width=\"1600\" height=\"900\" data-wp-init=\"callbacks.setButtonStyles\" data-wp-on--click=\"actions.showLightbox\" data-wp-on--load=\"callbacks.setButtonStyles\" data-wp-on-window--resize=\"callbacks.setButtonStyles\" src=\"http:\/\/lapratique.org\/lapratiquebk\/wp-content\/uploads\/2023\/12\/Plan-continue-mercredi-soir-Synced.Image-fixe029.jpg\" alt=\"\" class=\"wp-image-7410\" srcset=\"http:\/\/lapratique.org\/lapratiquebk\/wp-content\/uploads\/2023\/12\/Plan-continue-mercredi-soir-Synced.Image-fixe029.jpg 1600w, http:\/\/lapratique.org\/lapratiquebk\/wp-content\/uploads\/2023\/12\/Plan-continue-mercredi-soir-Synced.Image-fixe029-300x169.jpg 300w, http:\/\/lapratique.org\/lapratiquebk\/wp-content\/uploads\/2023\/12\/Plan-continue-mercredi-soir-Synced.Image-fixe029-150x84.jpg 150w, http:\/\/lapratique.org\/lapratiquebk\/wp-content\/uploads\/2023\/12\/Plan-continue-mercredi-soir-Synced.Image-fixe029-768x432.jpg 768w, http:\/\/lapratique.org\/lapratiquebk\/wp-content\/uploads\/2023\/12\/Plan-continue-mercredi-soir-Synced.Image-fixe029-1536x864.jpg 1536w\" sizes=\"(max-width: 706px) 89vw, (max-width: 767px) 82vw, 740px\" \/><button\n\t\t\tclass=\"lightbox-trigger\"\n\t\t\ttype=\"button\"\n\t\t\taria-haspopup=\"dialog\"\n\t\t\taria-label=\"Agrandir l\u2018image\"\n\t\t\tdata-wp-init=\"callbacks.initTriggerButton\"\n\t\t\tdata-wp-on--click=\"actions.showLightbox\"\n\t\t\tdata-wp-style--right=\"context.imageButtonRight\"\n\t\t\tdata-wp-style--top=\"context.imageButtonTop\"\n\t\t>\n\t\t\t<svg xmlns=\"http:\/\/www.w3.org\/2000\/svg\" width=\"12\" height=\"12\" fill=\"none\" viewBox=\"0 0 12 12\">\n\t\t\t\t<path fill=\"#fff\" d=\"M2 0a2 2 0 0 0-2 2v2h1.5V2a.5.5 0 0 1 .5-.5h2V0H2Zm2 10.5H2a.5.5 0 0 1-.5-.5V8H0v2a2 2 0 0 0 2 2h2v-1.5ZM8 12v-1.5h2a.5.5 0 0 0 .5-.5V8H12v2a2 2 0 0 1-2 2H8Zm2-12a2 2 0 0 1 2 2v2h-1.5V2a.5.5 0 0 0-.5-.5H8V0h2Z\" \/>\n\t\t\t<\/svg>\n\t\t<\/button><\/figure>\n\n\n\n<figure data-wp-context=\"{&quot;uploadedSrc&quot;:&quot;http:\\\/\\\/lapratique.org\\\/lapratiquebk\\\/wp-content\\\/uploads\\\/2023\\\/11\\\/Capture-decran-2023-11-07-a-09.06.39.png&quot;,&quot;figureClassNames&quot;:&quot;wp-block-image size-full ext-import&quot;,&quot;figureStyles&quot;:null,&quot;imgClassNames&quot;:&quot;wp-image-6831&quot;,&quot;imgStyles&quot;:null,&quot;targetWidth&quot;:980,&quot;targetHeight&quot;:642,&quot;scaleAttr&quot;:false,&quot;ariaLabel&quot;:&quot;Agrandir l\\u2018image&quot;,&quot;alt&quot;:&quot;&quot;}\" data-wp-interactive=\"core\/image\" class=\"wp-block-image size-full ext-import wp-lightbox-container\"><img loading=\"lazy\" decoding=\"async\" width=\"980\" height=\"642\" data-wp-init=\"callbacks.setButtonStyles\" data-wp-on--click=\"actions.showLightbox\" data-wp-on--load=\"callbacks.setButtonStyles\" data-wp-on-window--resize=\"callbacks.setButtonStyles\" src=\"http:\/\/lapratique.org\/lapratiquebk\/wp-content\/uploads\/2023\/11\/Capture-decran-2023-11-07-a-09.06.39.png\" alt=\"\" class=\"wp-image-6831\" srcset=\"http:\/\/lapratique.org\/lapratiquebk\/wp-content\/uploads\/2023\/11\/Capture-decran-2023-11-07-a-09.06.39.png 980w, http:\/\/lapratique.org\/lapratiquebk\/wp-content\/uploads\/2023\/11\/Capture-decran-2023-11-07-a-09.06.39-300x197.png 300w, http:\/\/lapratique.org\/lapratiquebk\/wp-content\/uploads\/2023\/11\/Capture-decran-2023-11-07-a-09.06.39-150x98.png 150w, http:\/\/lapratique.org\/lapratiquebk\/wp-content\/uploads\/2023\/11\/Capture-decran-2023-11-07-a-09.06.39-768x503.png 768w\" sizes=\"(max-width: 706px) 89vw, (max-width: 767px) 82vw, 740px\" \/><button\n\t\t\tclass=\"lightbox-trigger\"\n\t\t\ttype=\"button\"\n\t\t\taria-haspopup=\"dialog\"\n\t\t\taria-label=\"Agrandir l\u2018image\"\n\t\t\tdata-wp-init=\"callbacks.initTriggerButton\"\n\t\t\tdata-wp-on--click=\"actions.showLightbox\"\n\t\t\tdata-wp-style--right=\"context.imageButtonRight\"\n\t\t\tdata-wp-style--top=\"context.imageButtonTop\"\n\t\t>\n\t\t\t<svg xmlns=\"http:\/\/www.w3.org\/2000\/svg\" width=\"12\" height=\"12\" fill=\"none\" viewBox=\"0 0 12 12\">\n\t\t\t\t<path fill=\"#fff\" d=\"M2 0a2 2 0 0 0-2 2v2h1.5V2a.5.5 0 0 1 .5-.5h2V0H2Zm2 10.5H2a.5.5 0 0 1-.5-.5V8H0v2a2 2 0 0 0 2 2h2v-1.5ZM8 12v-1.5h2a.5.5 0 0 0 .5-.5V8H12v2a2 2 0 0 1-2 2H8Zm2-12a2 2 0 0 1 2 2v2h-1.5V2a.5.5 0 0 0-.5-.5H8V0h2Z\" \/>\n\t\t\t<\/svg>\n\t\t<\/button><\/figure>\n\n\n\n<figure data-wp-context=\"{&quot;uploadedSrc&quot;:&quot;http:\\\/\\\/lapratique.org\\\/lapratiquebk\\\/wp-content\\\/uploads\\\/2023\\\/09\\\/Credit-Matthieu-Lecharny-2-1.jpg&quot;,&quot;figureClassNames&quot;:&quot;wp-block-image size-full ext-import&quot;,&quot;figureStyles&quot;:null,&quot;imgClassNames&quot;:&quot;wp-image-6017&quot;,&quot;imgStyles&quot;:null,&quot;targetWidth&quot;:1600,&quot;targetHeight&quot;:1067,&quot;scaleAttr&quot;:false,&quot;ariaLabel&quot;:&quot;Agrandir l\\u2018image&quot;,&quot;alt&quot;:&quot;&quot;}\" data-wp-interactive=\"core\/image\" class=\"wp-block-image size-full ext-import wp-lightbox-container\"><img loading=\"lazy\" decoding=\"async\" width=\"1600\" height=\"1067\" data-wp-init=\"callbacks.setButtonStyles\" data-wp-on--click=\"actions.showLightbox\" data-wp-on--load=\"callbacks.setButtonStyles\" data-wp-on-window--resize=\"callbacks.setButtonStyles\" src=\"http:\/\/lapratique.org\/lapratiquebk\/wp-content\/uploads\/2023\/09\/Credit-Matthieu-Lecharny-2-1.jpg\" alt=\"\" class=\"wp-image-6017\" srcset=\"http:\/\/lapratique.org\/lapratiquebk\/wp-content\/uploads\/2023\/09\/Credit-Matthieu-Lecharny-2-1.jpg 1600w, http:\/\/lapratique.org\/lapratiquebk\/wp-content\/uploads\/2023\/09\/Credit-Matthieu-Lecharny-2-1-300x200.jpg 300w, http:\/\/lapratique.org\/lapratiquebk\/wp-content\/uploads\/2023\/09\/Credit-Matthieu-Lecharny-2-1-150x100.jpg 150w, http:\/\/lapratique.org\/lapratiquebk\/wp-content\/uploads\/2023\/09\/Credit-Matthieu-Lecharny-2-1-768x512.jpg 768w, http:\/\/lapratique.org\/lapratiquebk\/wp-content\/uploads\/2023\/09\/Credit-Matthieu-Lecharny-2-1-1536x1024.jpg 1536w, http:\/\/lapratique.org\/lapratiquebk\/wp-content\/uploads\/2023\/09\/Credit-Matthieu-Lecharny-2-1-750x500.jpg 750w, http:\/\/lapratique.org\/lapratiquebk\/wp-content\/uploads\/2023\/09\/Credit-Matthieu-Lecharny-2-1-272x182.jpg 272w\" sizes=\"(max-width: 706px) 89vw, (max-width: 767px) 82vw, 740px\" \/><button\n\t\t\tclass=\"lightbox-trigger\"\n\t\t\ttype=\"button\"\n\t\t\taria-haspopup=\"dialog\"\n\t\t\taria-label=\"Agrandir l\u2018image\"\n\t\t\tdata-wp-init=\"callbacks.initTriggerButton\"\n\t\t\tdata-wp-on--click=\"actions.showLightbox\"\n\t\t\tdata-wp-style--right=\"context.imageButtonRight\"\n\t\t\tdata-wp-style--top=\"context.imageButtonTop\"\n\t\t>\n\t\t\t<svg xmlns=\"http:\/\/www.w3.org\/2000\/svg\" width=\"12\" height=\"12\" fill=\"none\" viewBox=\"0 0 12 12\">\n\t\t\t\t<path fill=\"#fff\" d=\"M2 0a2 2 0 0 0-2 2v2h1.5V2a.5.5 0 0 1 .5-.5h2V0H2Zm2 10.5H2a.5.5 0 0 1-.5-.5V8H0v2a2 2 0 0 0 2 2h2v-1.5ZM8 12v-1.5h2a.5.5 0 0 0 .5-.5V8H12v2a2 2 0 0 1-2 2H8Zm2-12a2 2 0 0 1 2 2v2h-1.5V2a.5.5 0 0 0-.5-.5H8V0h2Z\" \/>\n\t\t\t<\/svg>\n\t\t<\/button><\/figure>\n\n\n\n<figure data-wp-context=\"{&quot;uploadedSrc&quot;:&quot;http:\\\/\\\/lapratique.org\\\/lapratiquebk\\\/wp-content\\\/uploads\\\/2023\\\/09\\\/ce-qui-nous-traverse-credit-photo-jean-claude-aubry-sans-texte.png&quot;,&quot;figureClassNames&quot;:&quot;wp-block-image size-full ext-import&quot;,&quot;figureStyles&quot;:null,&quot;imgClassNames&quot;:&quot;wp-image-5857&quot;,&quot;imgStyles&quot;:null,&quot;targetWidth&quot;:1491,&quot;targetHeight&quot;:1145,&quot;scaleAttr&quot;:false,&quot;ariaLabel&quot;:&quot;Agrandir l\\u2018image&quot;,&quot;alt&quot;:&quot;&quot;}\" data-wp-interactive=\"core\/image\" class=\"wp-block-image size-full ext-import wp-lightbox-container\"><img loading=\"lazy\" decoding=\"async\" width=\"1491\" height=\"1145\" data-wp-init=\"callbacks.setButtonStyles\" data-wp-on--click=\"actions.showLightbox\" data-wp-on--load=\"callbacks.setButtonStyles\" data-wp-on-window--resize=\"callbacks.setButtonStyles\" src=\"http:\/\/lapratique.org\/lapratiquebk\/wp-content\/uploads\/2023\/09\/ce-qui-nous-traverse-credit-photo-jean-claude-aubry-sans-texte.png\" alt=\"\" class=\"wp-image-5857\" srcset=\"http:\/\/lapratique.org\/lapratiquebk\/wp-content\/uploads\/2023\/09\/ce-qui-nous-traverse-credit-photo-jean-claude-aubry-sans-texte.png 1491w, http:\/\/lapratique.org\/lapratiquebk\/wp-content\/uploads\/2023\/09\/ce-qui-nous-traverse-credit-photo-jean-claude-aubry-sans-texte-300x230.png 300w, http:\/\/lapratique.org\/lapratiquebk\/wp-content\/uploads\/2023\/09\/ce-qui-nous-traverse-credit-photo-jean-claude-aubry-sans-texte-150x115.png 150w, http:\/\/lapratique.org\/lapratiquebk\/wp-content\/uploads\/2023\/09\/ce-qui-nous-traverse-credit-photo-jean-claude-aubry-sans-texte-768x590.png 768w\" sizes=\"(max-width: 706px) 89vw, (max-width: 767px) 82vw, 740px\" \/><button\n\t\t\tclass=\"lightbox-trigger\"\n\t\t\ttype=\"button\"\n\t\t\taria-haspopup=\"dialog\"\n\t\t\taria-label=\"Agrandir l\u2018image\"\n\t\t\tdata-wp-init=\"callbacks.initTriggerButton\"\n\t\t\tdata-wp-on--click=\"actions.showLightbox\"\n\t\t\tdata-wp-style--right=\"context.imageButtonRight\"\n\t\t\tdata-wp-style--top=\"context.imageButtonTop\"\n\t\t>\n\t\t\t<svg xmlns=\"http:\/\/www.w3.org\/2000\/svg\" width=\"12\" height=\"12\" fill=\"none\" viewBox=\"0 0 12 12\">\n\t\t\t\t<path fill=\"#fff\" d=\"M2 0a2 2 0 0 0-2 2v2h1.5V2a.5.5 0 0 1 .5-.5h2V0H2Zm2 10.5H2a.5.5 0 0 1-.5-.5V8H0v2a2 2 0 0 0 2 2h2v-1.5ZM8 12v-1.5h2a.5.5 0 0 0 .5-.5V8H12v2a2 2 0 0 1-2 2H8Zm2-12a2 2 0 0 1 2 2v2h-1.5V2a.5.5 0 0 0-.5-.5H8V0h2Z\" \/>\n\t\t\t<\/svg>\n\t\t<\/button><\/figure>\n\n\n\n<figure data-wp-context=\"{&quot;uploadedSrc&quot;:&quot;http:\\\/\\\/lapratique.org\\\/lapratiquebk\\\/wp-content\\\/uploads\\\/2023\\\/12\\\/Les-Geantes-\\u00a9-Dewi-Brunet.jpg&quot;,&quot;figureClassNames&quot;:&quot;wp-block-image size-full ext-import&quot;,&quot;figureStyles&quot;:null,&quot;imgClassNames&quot;:&quot;wp-image-7412&quot;,&quot;imgStyles&quot;:null,&quot;targetWidth&quot;:800,&quot;targetHeight&quot;:1200,&quot;scaleAttr&quot;:false,&quot;ariaLabel&quot;:&quot;Agrandir l\\u2018image&quot;,&quot;alt&quot;:&quot;&quot;}\" data-wp-interactive=\"core\/image\" class=\"wp-block-image size-full ext-import wp-lightbox-container\"><img loading=\"lazy\" decoding=\"async\" width=\"800\" height=\"1200\" data-wp-init=\"callbacks.setButtonStyles\" data-wp-on--click=\"actions.showLightbox\" data-wp-on--load=\"callbacks.setButtonStyles\" data-wp-on-window--resize=\"callbacks.setButtonStyles\" src=\"http:\/\/lapratique.org\/lapratiquebk\/wp-content\/uploads\/2023\/12\/Les-Geantes-\u00a9-Dewi-Brunet.jpg\" alt=\"\" class=\"wp-image-7412\" srcset=\"http:\/\/lapratique.org\/lapratiquebk\/wp-content\/uploads\/2023\/12\/Les-Geantes-\u00a9-Dewi-Brunet.jpg 800w, http:\/\/lapratique.org\/lapratiquebk\/wp-content\/uploads\/2023\/12\/Les-Geantes-\u00a9-Dewi-Brunet-200x300.jpg 200w, http:\/\/lapratique.org\/lapratiquebk\/wp-content\/uploads\/2023\/12\/Les-Geantes-\u00a9-Dewi-Brunet-100x150.jpg 100w, http:\/\/lapratique.org\/lapratiquebk\/wp-content\/uploads\/2023\/12\/Les-Geantes-\u00a9-Dewi-Brunet-768x1152.jpg 768w\" sizes=\"(max-width: 706px) 89vw, (max-width: 767px) 82vw, 740px\" \/><button\n\t\t\tclass=\"lightbox-trigger\"\n\t\t\ttype=\"button\"\n\t\t\taria-haspopup=\"dialog\"\n\t\t\taria-label=\"Agrandir l\u2018image\"\n\t\t\tdata-wp-init=\"callbacks.initTriggerButton\"\n\t\t\tdata-wp-on--click=\"actions.showLightbox\"\n\t\t\tdata-wp-style--right=\"context.imageButtonRight\"\n\t\t\tdata-wp-style--top=\"context.imageButtonTop\"\n\t\t>\n\t\t\t<svg xmlns=\"http:\/\/www.w3.org\/2000\/svg\" width=\"12\" height=\"12\" fill=\"none\" viewBox=\"0 0 12 12\">\n\t\t\t\t<path fill=\"#fff\" d=\"M2 0a2 2 0 0 0-2 2v2h1.5V2a.5.5 0 0 1 .5-.5h2V0H2Zm2 10.5H2a.5.5 0 0 1-.5-.5V8H0v2a2 2 0 0 0 2 2h2v-1.5ZM8 12v-1.5h2a.5.5 0 0 0 .5-.5V8H12v2a2 2 0 0 1-2 2H8Zm2-12a2 2 0 0 1 2 2v2h-1.5V2a.5.5 0 0 0-.5-.5H8V0h2Z\" \/>\n\t\t\t<\/svg>\n\t\t<\/button><\/figure>\n\n\n\n<figure data-wp-context=\"{&quot;uploadedSrc&quot;:&quot;http:\\\/\\\/lapratique.org\\\/lapratiquebk\\\/wp-content\\\/uploads\\\/2023\\\/09\\\/\\u00a9-Yohan-Vallee-Appel-dAir-ABWARTEN-.jpeg&quot;,&quot;figureClassNames&quot;:&quot;wp-block-image size-full ext-import&quot;,&quot;figureStyles&quot;:null,&quot;imgClassNames&quot;:&quot;wp-image-5850&quot;,&quot;imgStyles&quot;:null,&quot;targetWidth&quot;:1311,&quot;targetHeight&quot;:1200,&quot;scaleAttr&quot;:false,&quot;ariaLabel&quot;:&quot;Agrandir l\\u2018image&quot;,&quot;alt&quot;:&quot;&quot;}\" data-wp-interactive=\"core\/image\" class=\"wp-block-image size-full ext-import wp-lightbox-container\"><img loading=\"lazy\" decoding=\"async\" width=\"1311\" height=\"1200\" data-wp-init=\"callbacks.setButtonStyles\" data-wp-on--click=\"actions.showLightbox\" data-wp-on--load=\"callbacks.setButtonStyles\" data-wp-on-window--resize=\"callbacks.setButtonStyles\" src=\"http:\/\/lapratique.org\/lapratiquebk\/wp-content\/uploads\/2023\/09\/\u00a9-Yohan-Vallee-Appel-dAir-ABWARTEN-.jpeg\" alt=\"\" class=\"wp-image-5850\" srcset=\"http:\/\/lapratique.org\/lapratiquebk\/wp-content\/uploads\/2023\/09\/\u00a9-Yohan-Vallee-Appel-dAir-ABWARTEN-.jpeg 1311w, http:\/\/lapratique.org\/lapratiquebk\/wp-content\/uploads\/2023\/09\/\u00a9-Yohan-Vallee-Appel-dAir-ABWARTEN--300x275.jpeg 300w, http:\/\/lapratique.org\/lapratiquebk\/wp-content\/uploads\/2023\/09\/\u00a9-Yohan-Vallee-Appel-dAir-ABWARTEN--150x137.jpeg 150w, http:\/\/lapratique.org\/lapratiquebk\/wp-content\/uploads\/2023\/09\/\u00a9-Yohan-Vallee-Appel-dAir-ABWARTEN--768x703.jpeg 768w\" sizes=\"(max-width: 706px) 89vw, (max-width: 767px) 82vw, 740px\" \/><button\n\t\t\tclass=\"lightbox-trigger\"\n\t\t\ttype=\"button\"\n\t\t\taria-haspopup=\"dialog\"\n\t\t\taria-label=\"Agrandir l\u2018image\"\n\t\t\tdata-wp-init=\"callbacks.initTriggerButton\"\n\t\t\tdata-wp-on--click=\"actions.showLightbox\"\n\t\t\tdata-wp-style--right=\"context.imageButtonRight\"\n\t\t\tdata-wp-style--top=\"context.imageButtonTop\"\n\t\t>\n\t\t\t<svg xmlns=\"http:\/\/www.w3.org\/2000\/svg\" width=\"12\" height=\"12\" fill=\"none\" viewBox=\"0 0 12 12\">\n\t\t\t\t<path fill=\"#fff\" d=\"M2 0a2 2 0 0 0-2 2v2h1.5V2a.5.5 0 0 1 .5-.5h2V0H2Zm2 10.5H2a.5.5 0 0 1-.5-.5V8H0v2a2 2 0 0 0 2 2h2v-1.5ZM8 12v-1.5h2a.5.5 0 0 0 .5-.5V8H12v2a2 2 0 0 1-2 2H8Zm2-12a2 2 0 0 1 2 2v2h-1.5V2a.5.5 0 0 0-.5-.5H8V0h2Z\" \/>\n\t\t\t<\/svg>\n\t\t<\/button><\/figure>\n\n\n\n<figure data-wp-context=\"{&quot;uploadedSrc&quot;:&quot;http:\\\/\\\/lapratique.org\\\/lapratiquebk\\\/wp-content\\\/uploads\\\/2023\\\/09\\\/Couverture_QLCV_250dpi.jpg&quot;,&quot;figureClassNames&quot;:&quot;wp-block-image size-full ext-import&quot;,&quot;figureStyles&quot;:null,&quot;imgClassNames&quot;:&quot;wp-image-5842&quot;,&quot;imgStyles&quot;:null,&quot;targetWidth&quot;:911,&quot;targetHeight&quot;:1200,&quot;scaleAttr&quot;:false,&quot;ariaLabel&quot;:&quot;Agrandir l\\u2018image&quot;,&quot;alt&quot;:&quot;&quot;}\" data-wp-interactive=\"core\/image\" class=\"wp-block-image size-full ext-import wp-lightbox-container\"><img loading=\"lazy\" decoding=\"async\" width=\"911\" height=\"1200\" data-wp-init=\"callbacks.setButtonStyles\" data-wp-on--click=\"actions.showLightbox\" data-wp-on--load=\"callbacks.setButtonStyles\" data-wp-on-window--resize=\"callbacks.setButtonStyles\" src=\"http:\/\/lapratique.org\/lapratiquebk\/wp-content\/uploads\/2023\/09\/Couverture_QLCV_250dpi.jpg\" alt=\"\" class=\"wp-image-5842\" srcset=\"http:\/\/lapratique.org\/lapratiquebk\/wp-content\/uploads\/2023\/09\/Couverture_QLCV_250dpi.jpg 911w, http:\/\/lapratique.org\/lapratiquebk\/wp-content\/uploads\/2023\/09\/Couverture_QLCV_250dpi-228x300.jpg 228w, http:\/\/lapratique.org\/lapratiquebk\/wp-content\/uploads\/2023\/09\/Couverture_QLCV_250dpi-114x150.jpg 114w, http:\/\/lapratique.org\/lapratiquebk\/wp-content\/uploads\/2023\/09\/Couverture_QLCV_250dpi-768x1012.jpg 768w\" sizes=\"(max-width: 706px) 89vw, (max-width: 767px) 82vw, 740px\" \/><button\n\t\t\tclass=\"lightbox-trigger\"\n\t\t\ttype=\"button\"\n\t\t\taria-haspopup=\"dialog\"\n\t\t\taria-label=\"Agrandir l\u2018image\"\n\t\t\tdata-wp-init=\"callbacks.initTriggerButton\"\n\t\t\tdata-wp-on--click=\"actions.showLightbox\"\n\t\t\tdata-wp-style--right=\"context.imageButtonRight\"\n\t\t\tdata-wp-style--top=\"context.imageButtonTop\"\n\t\t>\n\t\t\t<svg xmlns=\"http:\/\/www.w3.org\/2000\/svg\" width=\"12\" height=\"12\" fill=\"none\" viewBox=\"0 0 12 12\">\n\t\t\t\t<path fill=\"#fff\" d=\"M2 0a2 2 0 0 0-2 2v2h1.5V2a.5.5 0 0 1 .5-.5h2V0H2Zm2 10.5H2a.5.5 0 0 1-.5-.5V8H0v2a2 2 0 0 0 2 2h2v-1.5ZM8 12v-1.5h2a.5.5 0 0 0 .5-.5V8H12v2a2 2 0 0 1-2 2H8Zm2-12a2 2 0 0 1 2 2v2h-1.5V2a.5.5 0 0 0-.5-.5H8V0h2Z\" \/>\n\t\t\t<\/svg>\n\t\t<\/button><\/figure>\n<\/figure>\n<\/div><\/div>\n","protected":false},"excerpt":{"rendered":"<p>[vc_row][vc_column][vc_column_text] Cliquer ici pour visualiser ou t\u00e9l\u00e9charger le programme des r\u00e9sidences \u00e0 La Pratique de septembre 2023 \u00e0 juillet 2024<\/p>\n","protected":false},"author":2,"featured_media":3617,"parent":0,"menu_order":0,"comment_status":"closed","ping_status":"closed","template":"","meta":{"footnotes":""},"_links":{"self":[{"href":"http:\/\/lapratique.org\/lapratiquebk\/index.php?rest_route=\/wp\/v2\/pages\/3286"}],"collection":[{"href":"http:\/\/lapratique.org\/lapratiquebk\/index.php?rest_route=\/wp\/v2\/pages"}],"about":[{"href":"http:\/\/lapratique.org\/lapratiquebk\/index.php?rest_route=\/wp\/v2\/types\/page"}],"author":[{"embeddable":true,"href":"http:\/\/lapratique.org\/lapratiquebk\/index.php?rest_route=\/wp\/v2\/users\/2"}],"replies":[{"embeddable":true,"href":"http:\/\/lapratique.org\/lapratiquebk\/index.php?rest_route=%2Fwp%2Fv2%2Fcomments&post=3286"}],"version-history":[{"count":23,"href":"http:\/\/lapratique.org\/lapratiquebk\/index.php?rest_route=\/wp\/v2\/pages\/3286\/revisions"}],"predecessor-version":[{"id":8251,"href":"http:\/\/lapratique.org\/lapratiquebk\/index.php?rest_route=\/wp\/v2\/pages\/3286\/revisions\/8251"}],"wp:featuredmedia":[{"embeddable":true,"href":"http:\/\/lapratique.org\/lapratiquebk\/index.php?rest_route=\/wp\/v2\/media\/3617"}],"wp:attachment":[{"href":"http:\/\/lapratique.org\/lapratiquebk\/index.php?rest_route=%2Fwp%2Fv2%2Fmedia&parent=3286"}],"curies":[{"name":"wp","href":"https:\/\/api.w.org\/{rel}","templated":true}]}}