{"id":174,"date":"2016-11-04T15:27:24","date_gmt":"2016-11-04T15:27:24","guid":{"rendered":"http:\/\/webredox.net\/demo\/wp\/waldo\/?page_id=174"},"modified":"2017-03-09T12:07:51","modified_gmt":"2017-03-09T11:07:51","slug":"unlieudechange","status":"publish","type":"page","link":"http:\/\/lapratique.org\/lapratiquebk\/?page_id=174","title":{"rendered":"Un lieu d&rsquo;\u00e9change"},"content":{"rendered":"[vc_row][vc_column width=\u00a0\u00bb1\/2&Prime;]<div class=\"col-md-6 col-md-height col-md-middle\" style=\" \"><div class=\"split-box-content \" ><div class=\"padding-30\" >\n<p style=\"padding-left: 30px;\"><strong><em>La Pratique n\u2019a pas vocation \u00e0 devenir un lieu de diffusion.<\/em><\/strong><\/p>\n<p>Elle a entrepris en revanche de tisser des liens avec des structures qui poss\u00e8dent des sc\u00e8nes mais manquent d\u2019espaces de recherche et de cr\u00e9ation, en R\u00e9gion Centre-Val de Loire, mais aussi au niveau national et international. La Pratique souhaite ainsi permettre aux artistes accueillis en r\u00e9sidence de pr\u00e9senter leur travail dans des lieux propres \u00e0 leur discipline artistique.<\/div><\/div><\/div>[\/vc_column][vc_column width=\u00a0\u00bb1\/2&Prime;]<div class=\"col-md-6 col-md-height split-box-image cover-left  no-padding bg-image\" style=\"background-image: url(http:\/\/lapratique.org\/lapratiquebk\/wp-content\/uploads\/2015\/04\/IMG_8034.jpg); background-position: 50% 50%;\"><div class=\"sbi-height padding-height-85\" ><\/div><\/div>[\/vc_column][\/vc_row][vc_row][vc_column width=\u00a0\u00bb1\/2&Prime;]<div class=\"col-md-6 col-md-height split-box-image cover-right  no-padding bg-image\" style=\"background-image: url(http:\/\/lapratique.org\/lapratiquebk\/wp-content\/uploads\/2015\/04\/DSC07905-e1488357503662.jpg); background-position: 50% 50%;\"><div class=\"sbi-height padding-height-85\" ><\/div><\/div>[\/vc_column][vc_column width=\u00a0\u00bb1\/2&Prime;]<div class=\"col-md-6 col-md-height col-md-middle\" style=\" \"><div class=\"split-box-content text-center\" ><div class=\"padding-30\" ><a class=\"btn btn-dark btn-lg margin-top-30\" href=\"http:\/\/lapratique.org\/lapratiquebk\/fr\/residences\/\">Artistes en r\u00e9sidences<\/a> <a class=\"btn btn-primary btn-lg margin-top-30\" href=\"http:\/\/lapratique.org\/lapratiquebk\/fr\/contact\/\">Nous contacter<\/a><\/div><\/div><\/div>[\/vc_column][\/vc_row]\n","protected":false},"excerpt":{"rendered":"<p>[vc_row][vc_column width=\u00a0\u00bb1\/2&Prime;][\/vc_column][vc_column width=\u00a0\u00bb1\/2&Prime;][\/vc_column][\/vc_row][vc_row][vc_column width=\u00a0\u00bb1\/2&Prime;][\/vc_column][vc_column width=\u00a0\u00bb1\/2&Prime;][\/vc_column][\/vc_row]<\/p>\n","protected":false},"author":1,"featured_media":1002,"parent":0,"menu_order":0,"comment_status":"closed","ping_status":"closed","template":"","meta":{"footnotes":""},"_links":{"self":[{"href":"http:\/\/lapratique.org\/lapratiquebk\/index.php?rest_route=\/wp\/v2\/pages\/174"}],"collection":[{"href":"http:\/\/lapratique.org\/lapratiquebk\/index.php?rest_route=\/wp\/v2\/pages"}],"about":[{"href":"http:\/\/lapratique.org\/lapratiquebk\/index.php?rest_route=\/wp\/v2\/types\/page"}],"author":[{"embeddable":true,"href":"http:\/\/lapratique.org\/lapratiquebk\/index.php?rest_route=\/wp\/v2\/users\/1"}],"replies":[{"embeddable":true,"href":"http:\/\/lapratique.org\/lapratiquebk\/index.php?rest_route=%2Fwp%2Fv2%2Fcomments&post=174"}],"version-history":[{"count":26,"href":"http:\/\/lapratique.org\/lapratiquebk\/index.php?rest_route=\/wp\/v2\/pages\/174\/revisions"}],"predecessor-version":[{"id":1497,"href":"http:\/\/lapratique.org\/lapratiquebk\/index.php?rest_route=\/wp\/v2\/pages\/174\/revisions\/1497"}],"wp:featuredmedia":[{"embeddable":true,"href":"http:\/\/lapratique.org\/lapratiquebk\/index.php?rest_route=\/wp\/v2\/media\/1002"}],"wp:attachment":[{"href":"http:\/\/lapratique.org\/lapratiquebk\/index.php?rest_route=%2Fwp%2Fv2%2Fmedia&parent=174"}],"curies":[{"name":"wp","href":"https:\/\/api.w.org\/{rel}","templated":true}]}}