{"id":110,"date":"2016-11-04T13:14:30","date_gmt":"2016-11-04T13:14:30","guid":{"rendered":"http:\/\/webredox.net\/demo\/wp\/waldo\/?page_id=110"},"modified":"2021-06-01T10:41:04","modified_gmt":"2021-06-01T08:41:04","slug":"lesespaces","status":"publish","type":"page","link":"http:\/\/lapratique.org\/lapratiquebk\/?page_id=110","title":{"rendered":"Les espaces"},"content":{"rendered":"[vc_row][vc_column width=\u00a0\u00bb1\/2&Prime;]<div class=\"col-md-6 col-md-height col-md-middle\" style=\" \"><div class=\"split-box-content \" ><div class=\"padding-30\" ><strong><em>Espaces de travail<\/em><\/strong><\/p>\n<p>&nbsp;<\/p>\n<p><em><strong>Le studio :<br \/>\n<\/strong><\/em><\/p>\n<p>Un grand studio de r\u00e9p\u00e9tition d\u00e9di\u00e9 au spectacle vivant (cirque, danse, th\u00e9\u00e2tre, musique, \u2026)<\/p>\n<p><a href=\"http:\/\/lapratique.org\/lapratiquebk\/wp-content\/uploads\/2019\/03\/Fiche-technique-studio.pdf\" target=\"_blank\" rel=\"noopener noreferrer\">Fiche technique du studio<\/a><\/p>\n<p><a href=\"http:\/\/lapratique.org\/lapratiquebk\/wp-content\/uploads\/2019\/03\/plan-studio.pdf\" target=\"_blank\" rel=\"noopener noreferrer\">Plan du studio<\/a><\/p>\n<p><strong>Espace d\u2019accueil :<\/strong><\/p>\n<p>Sanitaires, douches et vestiaire<\/div><\/div><\/div>[\/vc_column][vc_column width=\u00a0\u00bb1\/2&Prime;]<div class=\"col-md-6 col-md-height col-md-middle\" style=\" background-color: #04abbb ;\"><div class=\"split-box-content \" ><div class=\"padding-30\" >\n<p style=\"text-align: justify;\"><strong><em>H\u00e9bergement<\/em><\/strong><\/p>\n<p style=\"text-align: justify;\"><strong><em>Maison des artistes :<\/em><\/strong><\/p>\n<p style=\"text-align: justify;\">6 chambres : 2 avec grand lit, 2 avec 2 petits lits, 1 avec 1 petit lit et le \u00ab\u00a0grenier\u00a0\u00bb avec 1 grand lit, 1 canap\u00e9-lit et 1 petit lit.<\/p>\n<p style=\"text-align: justify;\">Cuisine commune \u00e9quip\u00e9e (r\u00e9frig\u00e9rateur, cuisini\u00e8re, micro-ondes, tables, vaisselle, lave-vaisselle, \u2026), 2 salles de bains, 2 toilettes<\/p>\n<p style=\"text-align: justify;\"><strong><em>Maison de la Pratique :<\/em><br \/>\n<\/strong><\/p>\n<p style=\"text-align: justify;\">Un bureau avec t\u00e9l\u00e9phone, imprimante jet d\u2019encre, wifi<\/p>\n<p style=\"text-align: justify;\">Cuisine d\u2019appoint, toilettes, lave-linge<\/p>\n<\/div><\/div><\/div>[\/vc_column][\/vc_row][vc_row][vc_column width=\u00a0\u00bb1\/2&Prime;]<div class=\"col-md-6 col-md-height col-md-middle\" style=\" background-color: #04abbb ;\"><div class=\"split-box-content \" ><div class=\"padding-30\" >\n<p style=\"text-align: justify;\">La r\u00e9habilitation des locaux de La Pratique fut\u00a0l\u2019une des priorit\u00e9s du projet, afin de pouvoir accueillir dans les meilleures conditions les artistes et le public.<\/p>\n<p style=\"text-align: justify;\"><strong><em>Am\u00e9nagements r\u00e9alis\u00e9s<\/em><\/strong><\/p>\n<p style=\"text-align: justify;\">La r\u00e9fection enti\u00e8re des toitures des 4 b\u00e2timents (2 maisons d\u2019habitation, le chai et le quai aux engrais) a \u00e9t\u00e9 effectu\u00e9e entre 2011 et 2014.<br \/>\nLe r\u00e9am\u00e9nagement du <em>quai aux engrais<\/em> a \u00e9t\u00e9 en partie r\u00e9alis\u00e9 en 2015 :<\/p>\n<p style=\"text-align: justify;\">\u2022 La fa\u00e7ade, la charpente et la toiture ont \u00e9t\u00e9 enti\u00e8rement r\u00e9nov\u00e9es<\/p>\n<p style=\"text-align: justify;\">&#8211; 1 espace d\u2019accueil avec 2 sanitaires, 2 douches et un vestiaire<\/p>\n<p style=\"text-align: justify;\">La partie basse de <em>l\u2019ancien chai<\/em> (300m2) a\u00a0\u00e9galement \u00e9t\u00e9 r\u00e9nov\u00e9e\u00a0:<\/p>\n<p style=\"text-align: justify;\">\u2022 un studio de r\u00e9p\u00e9tition pour les artistes sc\u00e9niques (circassiens,\u00a0danseurs, com\u00e9diens, etc&#8230;) est disponible<\/p>\n<\/div><\/div><\/div>[\/vc_column][vc_column width=\u00a0\u00bb1\/2&Prime;]<div class=\"col-md-6 col-md-height col-md-middle\" style=\" \"><div class=\"split-box-content \" style=\"color: #000000;\"><div class=\"padding-30\" style=\"background-color: #ffffff;\">\n<p style=\"text-align: justify;\"><em><strong>Am\u00e9nagements\u00a0\u00e0\u00a0venir\u00a0<\/strong><\/em><\/p>\n<p style=\"text-align: justify;\">D\u2019autres travaux seront toutefois n\u00e9cessaires afin de r\u00e9habiliter enti\u00e8rement le lieu :<\/p>\n<p style=\"text-align: justify;\">\u2022 Am\u00e9nagement d\u2019un second studio de r\u00e9p\u00e9tition<br \/>\n\u2022 R\u00e9novation des chambres situ\u00e9es au 1er \u00e9tage de l\u2019ancien chai<br \/>\n\u2022 \u00c9quipement du lieu (mat\u00e9riel de son et lumi\u00e8re,\u2026)<\/p>\n<\/div><\/div><\/div>[\/vc_column][\/vc_row]\n","protected":false},"excerpt":{"rendered":"<p>[vc_row][vc_column width=\u00a0\u00bb1\/2&Prime;][\/vc_column][vc_column width=\u00a0\u00bb1\/2&Prime;][\/vc_column][\/vc_row][vc_row][vc_column width=\u00a0\u00bb1\/2&Prime;][\/vc_column][vc_column width=\u00a0\u00bb1\/2&Prime;][\/vc_column][\/vc_row]<\/p>\n","protected":false},"author":1,"featured_media":2755,"parent":0,"menu_order":0,"comment_status":"closed","ping_status":"closed","template":"","meta":{"footnotes":""},"_links":{"self":[{"href":"http:\/\/lapratique.org\/lapratiquebk\/index.php?rest_route=\/wp\/v2\/pages\/110"}],"collection":[{"href":"http:\/\/lapratique.org\/lapratiquebk\/index.php?rest_route=\/wp\/v2\/pages"}],"about":[{"href":"http:\/\/lapratique.org\/lapratiquebk\/index.php?rest_route=\/wp\/v2\/types\/page"}],"author":[{"embeddable":true,"href":"http:\/\/lapratique.org\/lapratiquebk\/index.php?rest_route=\/wp\/v2\/users\/1"}],"replies":[{"embeddable":true,"href":"http:\/\/lapratique.org\/lapratiquebk\/index.php?rest_route=%2Fwp%2Fv2%2Fcomments&post=110"}],"version-history":[{"count":34,"href":"http:\/\/lapratique.org\/lapratiquebk\/index.php?rest_route=\/wp\/v2\/pages\/110\/revisions"}],"predecessor-version":[{"id":3409,"href":"http:\/\/lapratique.org\/lapratiquebk\/index.php?rest_route=\/wp\/v2\/pages\/110\/revisions\/3409"}],"wp:featuredmedia":[{"embeddable":true,"href":"http:\/\/lapratique.org\/lapratiquebk\/index.php?rest_route=\/wp\/v2\/media\/2755"}],"wp:attachment":[{"href":"http:\/\/lapratique.org\/lapratiquebk\/index.php?rest_route=%2Fwp%2Fv2%2Fmedia&parent=110"}],"curies":[{"name":"wp","href":"https:\/\/api.w.org\/{rel}","templated":true}]}}